{"id":6352,"date":"2021-11-29T14:35:11","date_gmt":"2021-11-29T13:35:11","guid":{"rendered":"http:\/\/villarita.youelba.com\/come-arrivare\/"},"modified":"2025-02-28T11:43:25","modified_gmt":"2025-02-28T10:43:25","slug":"wie-man-ankommt","status":"publish","type":"page","link":"https:\/\/www.villarita.it\/de\/wie-man-ankommt\/","title":{"rendered":"Wie man ankommt"},"content":{"rendered":"\t\t<div data-elementor-type=\"wp-post\" data-elementor-id=\"6352\" class=\"elementor elementor-6352 elementor-4971\">\n\t\t\t\t\t\t<section class=\"elementor-section elementor-top-section elementor-element elementor-element-b0998bb elementor-section-stretched elementor-section-full_width elementor-section-height-default elementor-section-height-default\" data-id=\"b0998bb\" data-element_type=\"section\" data-e-type=\"section\" data-settings=\"{&quot;stretch_section&quot;:&quot;section-stretched&quot;}\">\n\t\t\t\t\t\t<div class=\"elementor-container elementor-column-gap-default\">\n\t\t\t\t\t<div class=\"elementor-column elementor-col-100 elementor-top-column elementor-element elementor-element-39419f2\" data-id=\"39419f2\" data-element_type=\"column\" data-e-type=\"column\">\n\t\t\t<div class=\"elementor-widget-wrap elementor-element-populated\">\n\t\t\t\t\t\t<div class=\"elementor-element elementor-element-ed4be9f elementor-widget elementor-widget-html\" data-id=\"ed4be9f\" data-element_type=\"widget\" data-e-type=\"widget\" data-widget_type=\"html.default\">\n\t\t\t\t<div class=\"elementor-widget-container\">\n\t\t\t\t\t<script defer src=\"https:\/\/cdn.beddy.io\/bol\/prod\/beddybar.js?release13052020_v0\"><\/script>\n<beddy-bar lang=\"de\" widgetcode=\"ff92fdfddd5db\" charset=\"UTF-8\"><\/beddy-bar>\n\t\t\t\t<\/div>\n\t\t\t\t<\/div>\n\t\t\t\t\t<\/div>\n\t\t<\/div>\n\t\t\t\t\t<\/div>\n\t\t<\/section>\n\t\t\t\t<section class=\"elementor-section elementor-top-section elementor-element elementor-element-36cdc02 elementor-section-stretched elementor-section-full_width elementor-section-height-default elementor-section-height-default\" data-id=\"36cdc02\" data-element_type=\"section\" data-e-type=\"section\" data-settings=\"{&quot;stretch_section&quot;:&quot;section-stretched&quot;}\">\n\t\t\t\t\t\t<div class=\"elementor-container elementor-column-gap-default\">\n\t\t\t\t\t<div class=\"elementor-column elementor-col-100 elementor-top-column elementor-element elementor-element-f137e58\" data-id=\"f137e58\" data-element_type=\"column\" data-e-type=\"column\">\n\t\t\t<div class=\"elementor-widget-wrap elementor-element-populated\">\n\t\t\t\t\t\t<div class=\"elementor-element elementor-element-a435353 elementor-widget elementor-widget-thim-icon-box\" data-id=\"a435353\" data-element_type=\"widget\" data-e-type=\"widget\" data-widget_type=\"thim-icon-box.default\">\n\t\t\t\t<div class=\"elementor-widget-container\">\n\t\t\t\t\t<div class=\"inner-box auto-hidden\"><div  class=\"wrapper-box-icon text-center   wrapper-line-heading\" ><div class=\"smicon-box iconbox-top\"><div class=\"content-inner\" ><div class=\"sc-heading article_heading\"><h3 class = \"heading__primary\" >Wo sie uns finden<\/h3><span class=\"line-heading\"><span><\/span><\/span><\/div><div class=\"desc-icon-box\"><div style=\"font-weight: normal;\"><p>\nDas Hotelrestaurant Villa Rita befindet sich in Colle d'Orano, einem kleinen Dorf an der Nordwestk\u00fcste der Insel Elba. Vom Hafen von Portoferraio aus sind es ca. 36 Kilometer.<\/p><\/div><\/div><\/div><\/div><!--end smicon-box--><\/div><\/div><style>\n\t.smicon-read:hover{\n\t\tcolor: !important;\n\t\tbackground: !important;\n\t}\n\t.smicon-box .boxes-icon:hover{\n\t\tcolor: !important;\n\t\tborder-color: !important;\n\t\tbackground-color:  !important;\n\t}\n\t.smicon-box .boxes-icon:hover .icon i{\n\t\tcolor: !important;\n\t}\n<\/style>\t\t\t\t<\/div>\n\t\t\t\t<\/div>\n\t\t\t\t\t<\/div>\n\t\t<\/div>\n\t\t\t\t\t<\/div>\n\t\t<\/section>\n\t\t\t\t<section class=\"elementor-section elementor-top-section elementor-element elementor-element-5d47414 elementor-section-full_width elementor-section-stretched elementor-section-height-default elementor-section-height-default\" data-id=\"5d47414\" data-element_type=\"section\" data-e-type=\"section\" data-settings=\"{&quot;stretch_section&quot;:&quot;section-stretched&quot;,&quot;background_background&quot;:&quot;classic&quot;}\">\n\t\t\t\t\t\t<div class=\"elementor-container elementor-column-gap-default\">\n\t\t\t\t\t<div class=\"elementor-column elementor-col-50 elementor-top-column elementor-element elementor-element-cb5b478\" data-id=\"cb5b478\" data-element_type=\"column\" data-e-type=\"column\">\n\t\t\t<div class=\"elementor-widget-wrap elementor-element-populated\">\n\t\t\t\t\t\t<div class=\"elementor-element elementor-element-48804ea elementor-widget elementor-widget-heading\" data-id=\"48804ea\" data-element_type=\"widget\" data-e-type=\"widget\" data-widget_type=\"heading.default\">\n\t\t\t\t<div class=\"elementor-widget-container\">\n\t\t\t\t\t<h2 class=\"elementor-heading-title elementor-size-default\">Anfahrt mit dem Auto:\n<\/h2>\t\t\t\t<\/div>\n\t\t\t\t<\/div>\n\t\t\t\t<div class=\"elementor-element elementor-element-f3c4c61 elementor-widget elementor-widget-text-editor\" data-id=\"f3c4c61\" data-element_type=\"widget\" data-e-type=\"widget\" data-widget_type=\"text-editor.default\">\n\t\t\t\t<div class=\"elementor-widget-container\">\n\t\t\t\t\t\t\t\t\t<p><strong>Aus Richtung Norden:<\/strong> Von Mailand auf der A1 kommend zweigen Sie bei Parma Ovest auf die A15 ab, um die Autobahn A12 Genova-Livorno zu erreichen. Fahren Sie bei Rosignano Marittimo ab und folgen Sie weiter der Schnellstra\u00dfe SS1 Aurelia bis zur Ausfahrt Venturina-Isola d`Elba, und dann weiter nach Piombino Marittima.<br \/><strong style=\"color: var( --e-global-color-text ); font-family: var( --e-global-typography-text-font-family ), Sans-serif;\"><strong>Aus Richtung Nord-Osten<\/strong>:<\/strong><span style=\"color: var( --e-global-color-text ); font-family: var( --e-global-typography-text-font-family ), Sans-serif;\"><span style=\"font-weight: var( --e-global-typography-text-font-weight );\"> Autobahn A1 Bologna-Firenze-Pisa-Livorno: fahren Sie bei Rosignano Marittimo ab und folgen Sie weiter der Schnellstra\u00dfe SS1 Aurelia bis zur Ausfahrt Venturina-Isola d`Elba, und dann weiter bis Piombino Marittima.\u00a0 Alternativ, die Verbindungsstra\u00dfe S.G.C. Firenze-Pisa-Livorno: nehmen Sie auf der A1 bei Firenze Signa die Ausfahrt in Richtung S.G.C. FI-PI-LI und fahren Sie auf dieser weiter bis Collesalvetti, wo Sie auf die Autobahn A12 treffen, die Sie bis Rosignano Marittimo nehmen. Fahren Sie dann auf der SS1 bis zur Ausfahrt Venturina-Isola d`Elba, und von dort weiter nach Piombino Marittima.<\/span><br \/><\/span><strong style=\"color: var( --e-global-color-text ); font-family: var( --e-global-typography-text-font-family ), Sans-serif;\"><strong>Aus Richtung S\u00fcden<\/strong>:<\/strong><span style=\"color: var( --e-global-color-text ); font-family: var( --e-global-typography-text-font-family ), Sans-serif; font-weight: var( --e-global-typography-text-font-weight );\"> Autobahn A12 Roma-Grosseto: nehmen Sie auf der SS1 Aurelia die Ausfahrt Venturina-Isola d`Elba und fahren Sie von dort weiter bis Piombino Marittima.<\/span><\/p>\t\t\t\t\t\t\t\t<\/div>\n\t\t\t\t<\/div>\n\t\t\t\t<div class=\"elementor-element elementor-element-d338f7a elementor-widget elementor-widget-heading\" data-id=\"d338f7a\" data-element_type=\"widget\" data-e-type=\"widget\" data-widget_type=\"heading.default\">\n\t\t\t\t<div class=\"elementor-widget-container\">\n\t\t\t\t\t<h2 class=\"elementor-heading-title elementor-size-default\">Mit dem Zug<\/h2>\t\t\t\t<\/div>\n\t\t\t\t<\/div>\n\t\t\t\t<div class=\"elementor-element elementor-element-ff76350 elementor-widget elementor-widget-text-editor\" data-id=\"ff76350\" data-element_type=\"widget\" data-e-type=\"widget\" data-widget_type=\"text-editor.default\">\n\t\t\t\t<div class=\"elementor-widget-container\">\n\t\t\t\t\t\t\t\t\t<p>Mit dem Zug: Um die Insel Elba mit dem Zug zu erreichen, w\u00e4hlen Sie als Ankunftsbahnhof Piombino Marittima.<\/p><p>Informationen hierzu auf:<a href=\"http:\/\/www.fsitaliane.it\" target=\"_blank\" rel=\"noopener\">\u00a0www.fsitaliane.it<\/a><\/p>\t\t\t\t\t\t\t\t<\/div>\n\t\t\t\t<\/div>\n\t\t\t\t<div class=\"elementor-element elementor-element-f44d0a7 elementor-widget elementor-widget-heading\" data-id=\"f44d0a7\" data-element_type=\"widget\" data-e-type=\"widget\" data-widget_type=\"heading.default\">\n\t\t\t\t<div class=\"elementor-widget-container\">\n\t\t\t\t\t<h2 class=\"elementor-heading-title elementor-size-default\">Mit dem flugzeug<\/h2>\t\t\t\t<\/div>\n\t\t\t\t<\/div>\n\t\t\t\t<div class=\"elementor-element elementor-element-6072050 elementor-widget elementor-widget-text-editor\" data-id=\"6072050\" data-element_type=\"widget\" data-e-type=\"widget\" data-widget_type=\"text-editor.default\">\n\t\t\t\t<div class=\"elementor-widget-container\">\n\t\t\t\t\t\t\t\t\t<p>Auf der Insel Elba gibt es einen kleinen Flughafen in La Pila. Es gibt 3 Fluggesellschaften am Flughafen, die Elba mit nationalen und internationalen Flugh\u00e4fen verbinden: Silver Air, Jetfly (Charterfl\u00fcge) und Zimex.<\/p><p>Informationen hierzu auf:<a href=\"https:\/\/www.elbaisland-airport.it\/\" target=\"_blank\" rel=\"noopener\"> www.elbaisland-airport.it<\/a><\/p>\t\t\t\t\t\t\t\t<\/div>\n\t\t\t\t<\/div>\n\t\t\t\t\t<\/div>\n\t\t<\/div>\n\t\t\t\t<div class=\"elementor-column elementor-col-50 elementor-top-column elementor-element elementor-element-d44770b\" data-id=\"d44770b\" data-element_type=\"column\" data-e-type=\"column\">\n\t\t\t<div class=\"elementor-widget-wrap elementor-element-populated\">\n\t\t\t\t\t\t<div class=\"elementor-element elementor-element-45f879c elementor-widget elementor-widget-thim-google-map\" data-id=\"45f879c\" data-element_type=\"widget\" data-e-type=\"widget\" data-widget_type=\"thim-google-map.default\">\n\t\t\t\t<div class=\"elementor-widget-container\">\n\t\t\t\t\t<div class=\"thim-map-iframe\" style=\"height: 653px;\" ><iframe frameborder=\"0\" scrolling=\"no\" marginheight=\"0\" marginwidth=\"0\" src=\"https:\/\/maps.google.com\/maps?q=Hotel%20Ristorante%20Villa%20Rita%20Di%20Ferrini%20P.%20Peria%20D.%20%26%20C.%20Snc%2C%20Via%20dei%20Quattro%20Archi%2C%2031%2C%2057030%20Colle%20D%27orano%20LI&amp;t=m&amp;z=13&amp;output=embed&amp;iwloc=near\" title=\"Hotel Ristorante Villa Rita Di Ferrini P. Peria D. &amp; C. Snc, Via dei Quattro Archi, 31, 57030 Colle D&#039;orano LI\" aria-label=\"Hotel Ristorante Villa Rita Di Ferrini P. Peria D. &amp; C. Snc, Via dei Quattro Archi, 31, 57030 Colle D&#039;orano LI\"><\/iframe><\/div>\t\n\t\t\t\t<\/div>\n\t\t\t\t<\/div>\n\t\t\t\t\t<\/div>\n\t\t<\/div>\n\t\t\t\t\t<\/div>\n\t\t<\/section>\n\t\t\t\t<section class=\"elementor-section elementor-top-section elementor-element elementor-element-6309c36 elementor-section-boxed elementor-section-height-default elementor-section-height-default\" data-id=\"6309c36\" data-element_type=\"section\" data-e-type=\"section\">\n\t\t\t\t\t\t<div class=\"elementor-container elementor-column-gap-default\">\n\t\t\t\t\t<div class=\"elementor-column elementor-col-100 elementor-top-column elementor-element elementor-element-e3701dc\" data-id=\"e3701dc\" data-element_type=\"column\" data-e-type=\"column\">\n\t\t\t<div class=\"elementor-widget-wrap elementor-element-populated\">\n\t\t\t\t\t\t<div class=\"elementor-element elementor-element-13e8e71 elementor-widget elementor-widget-heading\" data-id=\"13e8e71\" data-element_type=\"widget\" data-e-type=\"widget\" data-widget_type=\"heading.default\">\n\t\t\t\t<div class=\"elementor-widget-container\">\n\t\t\t\t\t<h2 class=\"elementor-heading-title elementor-size-default\">So erreichen Sie das Hotel Ristorante Villa Rita\n<\/h2>\t\t\t\t<\/div>\n\t\t\t\t<\/div>\n\t\t\t\t<div class=\"elementor-element elementor-element-068bf3c elementor-widget elementor-widget-text-editor\" data-id=\"068bf3c\" data-element_type=\"widget\" data-e-type=\"widget\" data-widget_type=\"text-editor.default\">\n\t\t\t\t<div class=\"elementor-widget-container\">\n\t\t\t\t\t\t\t\t\t<h5>MIT DEM AUTO VOM HAFEN VON PORTOFERRAIO (36 km von Colle d&#8217;Orano entfernt):<\/h5>\t\t\t\t\t\t\t\t<\/div>\n\t\t\t\t<\/div>\n\t\t\t\t<div class=\"elementor-element elementor-element-6e6db37 elementor-widget elementor-widget-text-editor\" data-id=\"6e6db37\" data-element_type=\"widget\" data-e-type=\"widget\" data-widget_type=\"text-editor.default\">\n\t\t\t\t<div class=\"elementor-widget-container\">\n\t\t\t\t\t\t\t\t\t<p><strong>\u00dcber Campo nell&#8217;Elba <\/strong>: Folgen Sie der Richtung &#8218;Procchio&#8216;. Einmal in Procchio m\u00fcssen Sie nach links in Richtung &#8218;Marina di Campo\/Campo nell&#8217;Elba&#8216; abbiegen. Ab Marina di Campo folgen Sie dann bitte den Richtungen der folgenden wichtigsten D\u00f6rfer: Fetovaia, Pomonte, Chiessi. Nach einer kurvenreichen Fahrt (Costa del Sole) mit herrlichen Ausblicken und Panoramas (bei sch\u00f6nem Wetter Blick auf die Inseln von Montecristo, Pianosa und sogar Korsika) kommen Sie nach Chiessi. Noch 3 km und Sie sind in Colle d&#8217;Orano. Gleich nach dem Schild mit dem Ortsnamen am Eingang des Dorfes finden Sie recht die Einfahrt zu unserem Hotel.<\/p><p><strong>\u00dcber Marciana Marina<\/strong> : Folgen Sie der Richtung &#8218;Procchio&#8216;. Einmal in Procchio fahren geradeaus in Richtung &#8218;Marciana Marina, Marciana, S.Andrea, Patresi und Colle d&#8217;Orano&#8216;. Vom Dorfplatz in Colle d&#8217;Orano fahren Sie dann noch 200 Meter weiter und sehen dann die Einfahrt zu unserem Hotel auf der linken Seite.<\/p>\t\t\t\t\t\t\t\t<\/div>\n\t\t\t\t<\/div>\n\t\t\t\t<div class=\"elementor-element elementor-element-cd62a87 elementor-widget elementor-widget-text-editor\" data-id=\"cd62a87\" data-element_type=\"widget\" data-e-type=\"widget\" data-widget_type=\"text-editor.default\">\n\t\t\t\t<div class=\"elementor-widget-container\">\n\t\t\t\t\t\t\t\t\t<p>MIT DEM AUTOBUS ODER TAXI<\/p>\t\t\t\t\t\t\t\t<\/div>\n\t\t\t\t<\/div>\n\t\t\t\t<div class=\"elementor-element elementor-element-077e425 elementor-widget elementor-widget-text-editor\" data-id=\"077e425\" data-element_type=\"widget\" data-e-type=\"widget\" data-widget_type=\"text-editor.default\">\n\t\t\t\t<div class=\"elementor-widget-container\">\n\t\t\t\t\t\t\t\t\t<p>Taxi in Portoferraio am Hafen: tel 0565 915112. F\u00fcr jene die den \u00f6ffentlichen Bus von Portoferraio aus nehmen m\u00f6chten k\u00f6nnen wir per Fax, E-mail oder Telefon die Fahrzeiten zuschicken. Die Bushaltestelle in Colle d&#8217;Orano befindet sich direkt auf der Strasse unter unserm Hotel.<\/p>\t\t\t\t\t\t\t\t<\/div>\n\t\t\t\t<\/div>\n\t\t\t\t<div class=\"elementor-element elementor-element-c3fc903 elementor-align-center elementor-widget elementor-widget-button\" data-id=\"c3fc903\" data-element_type=\"widget\" data-e-type=\"widget\" data-widget_type=\"button.default\">\n\t\t\t\t<div class=\"elementor-widget-container\">\n\t\t\t\t\t\t\t\t\t<div class=\"elementor-button-wrapper\">\n\t\t\t\t\t<a class=\"elementor-button elementor-button-link elementor-size-sm\" href=\"https:\/\/www.at-bus.it\/it\/linee-e-orari\/livorno\" target=\"_blank\">\n\t\t\t\t\t\t<span class=\"elementor-button-content-wrapper\">\n\t\t\t\t\t\t\t\t\t<span class=\"elementor-button-text\">Busfahrpl\u00e4ne<\/span>\n\t\t\t\t\t<\/span>\n\t\t\t\t\t<\/a>\n\t\t\t\t<\/div>\n\t\t\t\t\t\t\t\t<\/div>\n\t\t\t\t<\/div>\n\t\t\t\t\t<\/div>\n\t\t<\/div>\n\t\t\t\t\t<\/div>\n\t\t<\/section>\n\t\t\t\t<section class=\"elementor-section elementor-top-section elementor-element elementor-element-59a61d8 elementor-section-stretched elementor-section-boxed elementor-section-height-default elementor-section-height-default\" data-id=\"59a61d8\" data-element_type=\"section\" data-e-type=\"section\" data-settings=\"{&quot;stretch_section&quot;:&quot;section-stretched&quot;,&quot;background_background&quot;:&quot;classic&quot;}\">\n\t\t\t\t\t\t<div class=\"elementor-container elementor-column-gap-default\">\n\t\t\t\t\t<div class=\"elementor-column elementor-col-50 elementor-top-column elementor-element elementor-element-15a7fb7\" data-id=\"15a7fb7\" data-element_type=\"column\" data-e-type=\"column\">\n\t\t\t<div class=\"elementor-widget-wrap elementor-element-populated\">\n\t\t\t\t\t\t<section class=\"elementor-section elementor-inner-section elementor-element elementor-element-997c254 elementor-section-boxed elementor-section-height-default elementor-section-height-default\" data-id=\"997c254\" data-element_type=\"section\" data-e-type=\"section\">\n\t\t\t\t\t\t<div class=\"elementor-container elementor-column-gap-default\">\n\t\t\t\t\t<div class=\"elementor-column elementor-col-100 elementor-inner-column elementor-element elementor-element-19c83cd\" data-id=\"19c83cd\" data-element_type=\"column\" data-e-type=\"column\" data-settings=\"{&quot;background_background&quot;:&quot;classic&quot;}\">\n\t\t\t<div class=\"elementor-widget-wrap elementor-element-populated\">\n\t\t\t\t\t\t<div class=\"elementor-element elementor-element-2fe6200 elementor-widget elementor-widget-image\" data-id=\"2fe6200\" data-element_type=\"widget\" data-e-type=\"widget\" data-widget_type=\"image.default\">\n\t\t\t\t<div class=\"elementor-widget-container\">\n\t\t\t\t\t\t\t\t\t\t\t\t\t\t\t<img fetchpriority=\"high\" decoding=\"async\" width=\"640\" height=\"427\" src=\"https:\/\/www.villarita.it\/wp-content\/uploads\/2021\/11\/noleggio-auto_DSC2755-1024x683.jpg\" class=\"attachment-large size-large wp-image-6117\" alt=\"\" srcset=\"https:\/\/www.villarita.it\/wp-content\/uploads\/2021\/11\/noleggio-auto_DSC2755-1024x683.jpg 1024w, https:\/\/www.villarita.it\/wp-content\/uploads\/2021\/11\/noleggio-auto_DSC2755-300x200.jpg 300w, https:\/\/www.villarita.it\/wp-content\/uploads\/2021\/11\/noleggio-auto_DSC2755-768x512.jpg 768w, https:\/\/www.villarita.it\/wp-content\/uploads\/2021\/11\/noleggio-auto_DSC2755-1536x1024.jpg 1536w, https:\/\/www.villarita.it\/wp-content\/uploads\/2021\/11\/noleggio-auto_DSC2755.jpg 1920w\" sizes=\"(max-width: 640px) 100vw, 640px\" \/>\t\t\t\t\t\t\t\t\t\t\t\t\t\t\t<\/div>\n\t\t\t\t<\/div>\n\t\t\t\t<div class=\"elementor-element elementor-element-60b0dc0 elementor-widget elementor-widget-text-editor\" data-id=\"60b0dc0\" data-element_type=\"widget\" data-e-type=\"widget\" data-widget_type=\"text-editor.default\">\n\t\t\t\t<div class=\"elementor-widget-container\">\n\t\t\t\t\t\t\t\t\t<p>Online auto verleih<\/p>\t\t\t\t\t\t\t\t<\/div>\n\t\t\t\t<\/div>\n\t\t\t\t<div class=\"elementor-element elementor-element-4944e7d elementor-widget elementor-widget-text-editor\" data-id=\"4944e7d\" data-element_type=\"widget\" data-e-type=\"widget\" data-widget_type=\"text-editor.default\">\n\t\t\t\t<div class=\"elementor-widget-container\">\n\t\t\t\t\t\t\t\t\t<p>Mieten Sie Ihr Auto online \u00fcber unsere Home Page und erhalten Sie bis zu 15% Rabatt!\u00a0<\/p>\t\t\t\t\t\t\t\t<\/div>\n\t\t\t\t<\/div>\n\t\t\t\t<div class=\"elementor-element elementor-element-86bb8da elementor-widget elementor-widget-text-editor\" data-id=\"86bb8da\" data-element_type=\"widget\" data-e-type=\"widget\" data-widget_type=\"text-editor.default\">\n\t\t\t\t<div class=\"elementor-widget-container\">\n\t\t\t\t\t\t\t\t\t<p>Bis zu 15% rabatt<\/p>\t\t\t\t\t\t\t\t<\/div>\n\t\t\t\t<\/div>\n\t\t\t\t<div class=\"elementor-element elementor-element-01572b6 elementor-widget elementor-widget-text-editor\" data-id=\"01572b6\" data-element_type=\"widget\" data-e-type=\"widget\" data-widget_type=\"text-editor.default\">\n\t\t\t\t<div class=\"elementor-widget-container\">\n\t\t\t\t\t\t\t\t\t<p><a href=\"\/de\/events-angebote\/\">Book now &gt;<\/a><\/p>\t\t\t\t\t\t\t\t<\/div>\n\t\t\t\t<\/div>\n\t\t\t\t\t<\/div>\n\t\t<\/div>\n\t\t\t\t\t<\/div>\n\t\t<\/section>\n\t\t\t\t\t<\/div>\n\t\t<\/div>\n\t\t\t\t<div class=\"elementor-column elementor-col-50 elementor-top-column elementor-element elementor-element-ff400c6\" data-id=\"ff400c6\" data-element_type=\"column\" data-e-type=\"column\">\n\t\t\t<div class=\"elementor-widget-wrap elementor-element-populated\">\n\t\t\t\t\t\t<section class=\"elementor-section elementor-inner-section elementor-element elementor-element-2a9c667 elementor-section-boxed elementor-section-height-default elementor-section-height-default\" data-id=\"2a9c667\" data-element_type=\"section\" data-e-type=\"section\">\n\t\t\t\t\t\t<div class=\"elementor-container elementor-column-gap-default\">\n\t\t\t\t\t<div class=\"elementor-column elementor-col-100 elementor-inner-column elementor-element elementor-element-7137e4a\" data-id=\"7137e4a\" data-element_type=\"column\" data-e-type=\"column\" data-settings=\"{&quot;background_background&quot;:&quot;classic&quot;}\">\n\t\t\t<div class=\"elementor-widget-wrap elementor-element-populated\">\n\t\t\t\t\t\t<div class=\"elementor-element elementor-element-790bac9 elementor-widget elementor-widget-image\" data-id=\"790bac9\" data-element_type=\"widget\" data-e-type=\"widget\" data-widget_type=\"image.default\">\n\t\t\t\t<div class=\"elementor-widget-container\">\n\t\t\t\t\t\t\t\t\t\t\t\t\t\t\t<img decoding=\"async\" width=\"640\" height=\"426\" src=\"https:\/\/www.villarita.it\/wp-content\/uploads\/2021\/11\/traghetti_hero-1024x682.jpg\" class=\"attachment-large size-large wp-image-5965\" alt=\"\" srcset=\"https:\/\/www.villarita.it\/wp-content\/uploads\/2021\/11\/traghetti_hero-1024x682.jpg 1024w, https:\/\/www.villarita.it\/wp-content\/uploads\/2021\/11\/traghetti_hero-300x200.jpg 300w, https:\/\/www.villarita.it\/wp-content\/uploads\/2021\/11\/traghetti_hero-768x512.jpg 768w, https:\/\/www.villarita.it\/wp-content\/uploads\/2021\/11\/traghetti_hero.jpg 1280w\" sizes=\"(max-width: 640px) 100vw, 640px\" \/>\t\t\t\t\t\t\t\t\t\t\t\t\t\t\t<\/div>\n\t\t\t\t<\/div>\n\t\t\t\t<div class=\"elementor-element elementor-element-c2bae11 elementor-widget elementor-widget-text-editor\" data-id=\"c2bae11\" data-element_type=\"widget\" data-e-type=\"widget\" data-widget_type=\"text-editor.default\">\n\t\t\t\t<div class=\"elementor-widget-container\">\n\t\t\t\t\t\t\t\t\t<p>F\u00e4hren<\/p>\t\t\t\t\t\t\t\t<\/div>\n\t\t\t\t<\/div>\n\t\t\t\t<div class=\"elementor-element elementor-element-474ba1f elementor-widget elementor-widget-text-editor\" data-id=\"474ba1f\" data-element_type=\"widget\" data-e-type=\"widget\" data-widget_type=\"text-editor.default\">\n\t\t\t\t<div class=\"elementor-widget-container\">\n\t\t\t\t\t\t\t\t\t<p>Die Insel Elba ist erreichbar vom Hafen von Piombino Marittima, wo vier Reedereien.<\/p>\t\t\t\t\t\t\t\t<\/div>\n\t\t\t\t<\/div>\n\t\t\t\t<div class=\"elementor-element elementor-element-93c1e62 elementor-widget elementor-widget-text-editor\" data-id=\"93c1e62\" data-element_type=\"widget\" data-e-type=\"widget\" data-widget_type=\"text-editor.default\">\n\t\t\t\t<div class=\"elementor-widget-container\">\n\t\t\t\t\t\t\t\t\t<p>Bis zu 50% rabatt<\/p>\t\t\t\t\t\t\t\t<\/div>\n\t\t\t\t<\/div>\n\t\t\t\t<div class=\"elementor-element elementor-element-395769d elementor-widget elementor-widget-text-editor\" data-id=\"395769d\" data-element_type=\"widget\" data-e-type=\"widget\" data-widget_type=\"text-editor.default\">\n\t\t\t\t<div class=\"elementor-widget-container\">\n\t\t\t\t\t\t\t\t\t<p><a href=\"\/de\/buchungen-der-faehren\/\">Book now &gt;<\/a><\/p>\t\t\t\t\t\t\t\t<\/div>\n\t\t\t\t<\/div>\n\t\t\t\t\t<\/div>\n\t\t<\/div>\n\t\t\t\t\t<\/div>\n\t\t<\/section>\n\t\t\t\t\t<\/div>\n\t\t<\/div>\n\t\t\t\t\t<\/div>\n\t\t<\/section>\n\t\t\t\t<\/div>\n\t\t","protected":false},"excerpt":{"rendered":"<p>Wo sie uns finden Das Hotelrestaurant Villa Rita befindet sich in Colle d&#8217;Orano, einem kleinen Dorf an der Nordwestk\u00fcste der Insel Elba. Vom Hafen von Portoferraio aus sind es ca. 36 Kilometer. Anfahrt mit dem Auto: Aus Richtung Norden: Von Mailand auf der A1 kommend zweigen Sie bei Parma Ovest auf die A15 ab, um [&hellip;]<\/p>\n","protected":false},"author":1,"featured_media":0,"parent":0,"menu_order":0,"comment_status":"closed","ping_status":"closed","template":"","meta":{"_joinchat":[],"footnotes":""},"class_list":["post-6352","page","type-page","status-publish","hentry"],"_links":{"self":[{"href":"https:\/\/www.villarita.it\/de\/wp-json\/wp\/v2\/pages\/6352","targetHints":{"allow":["GET"]}}],"collection":[{"href":"https:\/\/www.villarita.it\/de\/wp-json\/wp\/v2\/pages"}],"about":[{"href":"https:\/\/www.villarita.it\/de\/wp-json\/wp\/v2\/types\/page"}],"author":[{"embeddable":true,"href":"https:\/\/www.villarita.it\/de\/wp-json\/wp\/v2\/users\/1"}],"replies":[{"embeddable":true,"href":"https:\/\/www.villarita.it\/de\/wp-json\/wp\/v2\/comments?post=6352"}],"version-history":[{"count":5,"href":"https:\/\/www.villarita.it\/de\/wp-json\/wp\/v2\/pages\/6352\/revisions"}],"predecessor-version":[{"id":9990,"href":"https:\/\/www.villarita.it\/de\/wp-json\/wp\/v2\/pages\/6352\/revisions\/9990"}],"wp:attachment":[{"href":"https:\/\/www.villarita.it\/de\/wp-json\/wp\/v2\/media?parent=6352"}],"curies":[{"name":"wp","href":"https:\/\/api.w.org\/{rel}","templated":true}]}}