{"id":6580,"date":"2021-12-10T16:45:37","date_gmt":"2021-12-10T15:45:37","guid":{"rendered":"http:\/\/villarita.youelba.com\/eventi-e-offerte-elba\/"},"modified":"2024-03-22T12:11:30","modified_gmt":"2024-03-22T11:11:30","slug":"events-angebote","status":"publish","type":"page","link":"https:\/\/www.villarita.it\/de\/events-angebote\/","title":{"rendered":"Events &#038; angebote"},"content":{"rendered":"\t\t<div data-elementor-type=\"wp-post\" data-elementor-id=\"6580\" class=\"elementor elementor-6580 elementor-5424\">\n\t\t\t\t\t\t<section class=\"elementor-section elementor-top-section elementor-element elementor-element-78a49240 elementor-section-full_width elementor-section-stretched elementor-section-height-default elementor-section-height-default\" data-id=\"78a49240\" data-element_type=\"section\" data-e-type=\"section\" data-settings=\"{&quot;stretch_section&quot;:&quot;section-stretched&quot;}\">\n\t\t\t\t\t\t<div class=\"elementor-container elementor-column-gap-default\">\n\t\t\t\t\t<div class=\"elementor-column elementor-col-100 elementor-top-column elementor-element elementor-element-4804c6f8\" data-id=\"4804c6f8\" data-element_type=\"column\" data-e-type=\"column\">\n\t\t\t<div class=\"elementor-widget-wrap elementor-element-populated\">\n\t\t\t\t\t\t<div class=\"elementor-element elementor-element-0713dc6 elementor-widget elementor-widget-html\" data-id=\"0713dc6\" data-element_type=\"widget\" data-e-type=\"widget\" data-widget_type=\"html.default\">\n\t\t\t\t<div class=\"elementor-widget-container\">\n\t\t\t\t\t<script defer src=\"https:\/\/cdn.beddy.io\/bol\/prod\/beddybar.js?release13052020_v0\"><\/script>\n<beddy-bar lang=\"de\" widgetcode=\"ff92fdfddd5db\" charset=\"UTF-8\"><\/beddy-bar>\t\t\t\t<\/div>\n\t\t\t\t<\/div>\n\t\t\t\t\t<\/div>\n\t\t<\/div>\n\t\t\t\t\t<\/div>\n\t\t<\/section>\n\t\t\t\t<section class=\"elementor-section elementor-top-section elementor-element elementor-element-7e07b54 elementor-section-full_width elementor-section-height-default elementor-section-height-default\" data-id=\"7e07b54\" data-element_type=\"section\" data-e-type=\"section\">\n\t\t\t\t\t\t<div class=\"elementor-container elementor-column-gap-default\">\n\t\t\t\t\t<div class=\"elementor-column elementor-col-100 elementor-top-column elementor-element elementor-element-2741f44\" data-id=\"2741f44\" data-element_type=\"column\" data-e-type=\"column\">\n\t\t\t<div class=\"elementor-widget-wrap elementor-element-populated\">\n\t\t\t\t\t\t<div class=\"elementor-element elementor-element-d0c4514 elementor-widget elementor-widget-thim-icon-box\" data-id=\"d0c4514\" data-element_type=\"widget\" data-e-type=\"widget\" data-widget_type=\"thim-icon-box.default\">\n\t\t\t\t<div class=\"elementor-widget-container\">\n\t\t\t\t\t<div class=\"inner-box auto-hidden\"><div  class=\"wrapper-box-icon text-center   wrapper-line-heading\" ><div class=\"smicon-box iconbox-top\"><div class=\"content-inner\" ><div class=\"sc-heading article_heading\"><h3 class = \"heading__primary\" >F\u00fcr Sie zusammengestellte Angebote<\/h3><span class=\"line-heading\"><span><\/span><\/span><\/div><\/div><\/div><!--end smicon-box--><\/div><\/div><style>\n\t.smicon-read:hover{\n\t\tcolor: !important;\n\t\tbackground: !important;\n\t}\n\t.smicon-box .boxes-icon:hover{\n\t\tcolor: !important;\n\t\tborder-color: !important;\n\t\tbackground-color:  !important;\n\t}\n\t.smicon-box .boxes-icon:hover .icon i{\n\t\tcolor: !important;\n\t}\n<\/style>\t\t\t\t<\/div>\n\t\t\t\t<\/div>\n\t\t\t\t\t<\/div>\n\t\t<\/div>\n\t\t\t\t\t<\/div>\n\t\t<\/section>\n\t\t\t\t<section class=\"elementor-section elementor-top-section elementor-element elementor-element-100fcc43 elementor-section-boxed elementor-section-height-default elementor-section-height-default\" data-id=\"100fcc43\" data-element_type=\"section\" data-e-type=\"section\">\n\t\t\t\t\t\t<div class=\"elementor-container elementor-column-gap-default\">\n\t\t\t\t\t<div class=\"elementor-column elementor-col-50 elementor-top-column elementor-element elementor-element-70432a5d\" data-id=\"70432a5d\" data-element_type=\"column\" data-e-type=\"column\">\n\t\t\t<div class=\"elementor-widget-wrap elementor-element-populated\">\n\t\t\t\t\t\t<div class=\"elementor-element elementor-element-702bb9a1 elementor-widget elementor-widget-heading\" data-id=\"702bb9a1\" data-element_type=\"widget\" data-e-type=\"widget\" data-widget_type=\"heading.default\">\n\t\t\t\t<div class=\"elementor-widget-container\">\n\t\t\t\t\t<h2 class=\"elementor-heading-title elementor-size-default\">Familienrabatt<\/h2>\t\t\t\t<\/div>\n\t\t\t\t<\/div>\n\t\t\t\t<div class=\"elementor-element elementor-element-76a39b43 elementor-widget elementor-widget-text-editor\" data-id=\"76a39b43\" data-element_type=\"widget\" data-e-type=\"widget\" data-widget_type=\"text-editor.default\">\n\t\t\t\t<div class=\"elementor-widget-container\">\n\t\t\t\t\t\t\t\t\t<p>Es gibt keine Angebote vorhanden<\/p>\t\t\t\t\t\t\t\t<\/div>\n\t\t\t\t<\/div>\n\t\t\t\t\t<\/div>\n\t\t<\/div>\n\t\t\t\t<div class=\"elementor-column elementor-col-50 elementor-top-column elementor-element elementor-element-355743b2\" data-id=\"355743b2\" data-element_type=\"column\" data-e-type=\"column\">\n\t\t\t<div class=\"elementor-widget-wrap elementor-element-populated\">\n\t\t\t\t\t\t<div class=\"elementor-element elementor-element-502df32 elementor-widget elementor-widget-image\" data-id=\"502df32\" data-element_type=\"widget\" data-e-type=\"widget\" data-widget_type=\"image.default\">\n\t\t\t\t<div class=\"elementor-widget-container\">\n\t\t\t\t\t\t\t\t\t\t\t\t\t\t\t<img fetchpriority=\"high\" decoding=\"async\" width=\"600\" height=\"350\" src=\"https:\/\/www.villarita.it\/wp-content\/uploads\/2021\/11\/event3.jpeg\" class=\"attachment-full size-full wp-image-6119\" alt=\"\" srcset=\"https:\/\/www.villarita.it\/wp-content\/uploads\/2021\/11\/event3.jpeg 600w, https:\/\/www.villarita.it\/wp-content\/uploads\/2021\/11\/event3-300x175.jpeg 300w\" sizes=\"(max-width: 600px) 100vw, 600px\" \/>\t\t\t\t\t\t\t\t\t\t\t\t\t\t\t<\/div>\n\t\t\t\t<\/div>\n\t\t\t\t\t<\/div>\n\t\t<\/div>\n\t\t\t\t\t<\/div>\n\t\t<\/section>\n\t\t\t\t<section class=\"elementor-section elementor-top-section elementor-element elementor-element-816d20 elementor-section-boxed elementor-section-height-default elementor-section-height-default\" data-id=\"816d20\" data-element_type=\"section\" data-e-type=\"section\">\n\t\t\t\t\t\t<div class=\"elementor-container elementor-column-gap-default\">\n\t\t\t\t\t<div class=\"elementor-column elementor-col-100 elementor-top-column elementor-element elementor-element-6ddcaa23\" data-id=\"6ddcaa23\" data-element_type=\"column\" data-e-type=\"column\">\n\t\t\t<div class=\"elementor-widget-wrap elementor-element-populated\">\n\t\t\t\t\t\t<div class=\"elementor-element elementor-element-2306e194 elementor-widget elementor-widget-thim-list-post\" data-id=\"2306e194\" data-element_type=\"widget\" data-e-type=\"widget\" id=\"slider-eventi\" data-widget_type=\"thim-list-post.default\">\n\t\t\t\t<div class=\"elementor-widget-container\">\n\t\t\t\t\t<div class=\"thim-slider-posts slider-1\"><div class = \"wrapper-line-heading title-left\"><h3 class=\"widget-title\">Besondere Anl\u00e4sse<span class=\"line-heading\"><span><\/span><\/span><\/h3><\/div><h2 class=\"bg-title\"><\/h2><div class=\"slider-post-swapper \"><div class=\"slider-post container\"><div class=\"thim-slider-image \"><div class=\"article-image\"><a href=\"https:\/\/www.villarita.it\/de\/vivere-il-parco-2026\/\"><img decoding=\"async\" width=\"670\" height=\"490\" src=\"https:\/\/www.villarita.it\/wp-content\/uploads\/2026\/03\/locandina-vivere-il-parco-2026-670x490.jpg\" class=\"attachment-670x490 size-670x490 wp-post-image\" alt=\"\" \/><\/a><\/div><div class=\"article-image\"><a href=\"https:\/\/www.villarita.it\/de\/ritiri-yoga\/\"><img decoding=\"async\" width=\"670\" height=\"490\" src=\"https:\/\/www.villarita.it\/wp-content\/uploads\/2024\/02\/yoga-corsi-670x490.jpg\" class=\"attachment-670x490 size-670x490 wp-post-image\" alt=\"\" \/><\/a><\/div><\/div><div class=\"thim-slider-info \">                <div class=\"item\">\n                    <h3 class=\"title\"><a href=\"https:\/\/www.villarita.it\/de\/vivere-il-parco-2026\/\">Vivere il Parco 2026<\/a><\/h3>\n                    <div class=\"post-extra\">\n                        <span class=\"date\"><i class=\"tk tk-clock\"><\/i>M\u00e4rz 5, 2026<\/span>\n                        <span class=\"author\"><i class=\"tk tk-user\"><\/i>By emiliano<\/span>\n                    <\/div>\n                    \n                    <p>Tante attivit\u00e0 (anche gratuite) con il Parco Nazionale Arcipelago Toscano.<\/p>                <\/div>\n                \n                            <div class=\"item\">\n                    <h3 class=\"title\"><a href=\"https:\/\/www.villarita.it\/de\/ritiri-yoga\/\">Ritiri Yoga<\/a><\/h3>\n                    <div class=\"post-extra\">\n                        <span class=\"date\"><i class=\"tk tk-clock\"><\/i>M\u00e4rz 2, 2026<\/span>\n                        <span class=\"author\"><i class=\"tk tk-user\"><\/i>By emiliano<\/span>\n                    <\/div>\n                    \n                    <p>22 - 24 maggio \/ 29 maggio - 2 giugno \/ 3-5 luglio \/ 24 -27 settembre (yoga e...<\/p>                <\/div>\n                \n            <\/div><\/div><\/div><\/div>\t\t\t\t<\/div>\n\t\t\t\t<\/div>\n\t\t\t\t\t<\/div>\n\t\t<\/div>\n\t\t\t\t\t<\/div>\n\t\t<\/section>\n\t\t\t\t<\/div>\n\t\t","protected":false},"excerpt":{"rendered":"<p>F\u00fcr Sie zusammengestellte Angebote Familienrabatt Es gibt keine Angebote vorhanden Besondere Anl\u00e4sse Shiva Yoga &#8211; Reprogram your being Gennaio 26, 2023 By redazione 8 &#8211; 16 April 2023 Shiva Yoga &#8230; Ausflugsprogramm Giugno 1, 2023 By emiliano Der neue Kalender f\u00fcr 2024 ist mit der Liste der Ausfl\u00fcge verf\u00fcgbar, die Il Viottolo in Zusammenarbeit mit [&hellip;]<\/p>\n","protected":false},"author":1,"featured_media":0,"parent":0,"menu_order":0,"comment_status":"closed","ping_status":"closed","template":"","meta":{"_joinchat":[],"footnotes":""},"class_list":["post-6580","page","type-page","status-publish","hentry"],"_links":{"self":[{"href":"https:\/\/www.villarita.it\/de\/wp-json\/wp\/v2\/pages\/6580","targetHints":{"allow":["GET"]}}],"collection":[{"href":"https:\/\/www.villarita.it\/de\/wp-json\/wp\/v2\/pages"}],"about":[{"href":"https:\/\/www.villarita.it\/de\/wp-json\/wp\/v2\/types\/page"}],"author":[{"embeddable":true,"href":"https:\/\/www.villarita.it\/de\/wp-json\/wp\/v2\/users\/1"}],"replies":[{"embeddable":true,"href":"https:\/\/www.villarita.it\/de\/wp-json\/wp\/v2\/comments?post=6580"}],"version-history":[{"count":5,"href":"https:\/\/www.villarita.it\/de\/wp-json\/wp\/v2\/pages\/6580\/revisions"}],"predecessor-version":[{"id":9486,"href":"https:\/\/www.villarita.it\/de\/wp-json\/wp\/v2\/pages\/6580\/revisions\/9486"}],"wp:attachment":[{"href":"https:\/\/www.villarita.it\/de\/wp-json\/wp\/v2\/media?parent=6580"}],"curies":[{"name":"wp","href":"https:\/\/api.w.org\/{rel}","templated":true}]}}