{"id":6615,"date":"2021-12-13T16:15:02","date_gmt":"2021-12-13T15:15:02","guid":{"rendered":"http:\/\/villarita.youelba.com\/traghetti\/"},"modified":"2025-03-11T14:25:11","modified_gmt":"2025-03-11T13:25:11","slug":"buchungen-der-faehren","status":"publish","type":"page","link":"https:\/\/www.villarita.it\/de\/buchungen-der-faehren\/","title":{"rendered":"Buchungen der F\u00e4hren"},"content":{"rendered":"\t\t<div data-elementor-type=\"wp-post\" data-elementor-id=\"6615\" class=\"elementor elementor-6615 elementor-5507\">\n\t\t\t\t\t\t<section class=\"elementor-section elementor-top-section elementor-element elementor-element-b0998bb elementor-section-stretched elementor-section-full_width elementor-section-height-default elementor-section-height-default\" data-id=\"b0998bb\" data-element_type=\"section\" data-e-type=\"section\" data-settings=\"{&quot;stretch_section&quot;:&quot;section-stretched&quot;}\">\n\t\t\t\t\t\t<div class=\"elementor-container elementor-column-gap-default\">\n\t\t\t\t\t<div class=\"elementor-column elementor-col-100 elementor-top-column elementor-element elementor-element-39419f2\" data-id=\"39419f2\" data-element_type=\"column\" data-e-type=\"column\">\n\t\t\t<div class=\"elementor-widget-wrap elementor-element-populated\">\n\t\t\t\t\t\t<div class=\"elementor-element elementor-element-ccecedb elementor-widget elementor-widget-html\" data-id=\"ccecedb\" data-element_type=\"widget\" data-e-type=\"widget\" data-widget_type=\"html.default\">\n\t\t\t\t<div class=\"elementor-widget-container\">\n\t\t\t\t\t<script defer src=\"https:\/\/cdn.beddy.io\/bol\/prod\/beddybar.js?release13052020_v0\"><\/script>\n<beddy-bar lang=\"it\" widgetcode=\"ff92fdfddd5db\" charset=\"UTF-8\"><\/beddy-bar>\t\t\t\t<\/div>\n\t\t\t\t<\/div>\n\t\t\t\t\t<\/div>\n\t\t<\/div>\n\t\t\t\t\t<\/div>\n\t\t<\/section>\n\t\t\t\t<section class=\"elementor-section elementor-top-section elementor-element elementor-element-d9ebb9c elementor-section-boxed elementor-section-height-default elementor-section-height-default\" data-id=\"d9ebb9c\" data-element_type=\"section\" data-e-type=\"section\">\n\t\t\t\t\t\t<div class=\"elementor-container elementor-column-gap-default\">\n\t\t\t\t\t<div class=\"elementor-column elementor-col-100 elementor-top-column elementor-element elementor-element-9d5b3f8\" data-id=\"9d5b3f8\" data-element_type=\"column\" data-e-type=\"column\">\n\t\t\t<div class=\"elementor-widget-wrap elementor-element-populated\">\n\t\t\t\t\t\t<div class=\"elementor-element elementor-element-0c2323b elementor-widget elementor-widget-heading\" data-id=\"0c2323b\" data-element_type=\"widget\" data-e-type=\"widget\" data-widget_type=\"heading.default\">\n\t\t\t\t<div class=\"elementor-widget-container\">\n\t\t\t\t\t<h2 class=\"elementor-heading-title elementor-size-default\">Rabatte bis zu 50 % auf den Ticketpreis<\/h2>\t\t\t\t<\/div>\n\t\t\t\t<\/div>\n\t\t\t\t<div class=\"elementor-element elementor-element-6e6db37 elementor-widget elementor-widget-text-editor\" data-id=\"6e6db37\" data-element_type=\"widget\" data-e-type=\"widget\" data-widget_type=\"text-editor.default\">\n\t\t\t\t<div class=\"elementor-widget-container\">\n\t\t\t\t\t\t\t\t\t<p>Die Insel Elba ist von Piombino Marittima aus erreichbar, wo vier F\u00e4hrgesellschaften (Toremar, Moby Lines, Blu Navy und Corsica Ferries) komfortable F\u00e4hren mit mehreren t\u00e4glichen \u00dcberfahrten anbieten. In nur einer Stunde \u00dcberfahrt werden die etwa 10 Kilometer, die die Insel vom Festland trennen, zur\u00fcckgelegt, um die H\u00e4fen von Portoferraio (der Hauptort), Cavo und Rio Marina zu erreichen. Alternativ gibt es eine Schnellverbindung mit einem Tragfl\u00fcgelboot, das ausschlie\u00dflich Passagiere bef\u00f6rdert und Portoferraio in nur 35 Minuten erreicht.<\/p>\t\t\t\t\t\t\t\t<\/div>\n\t\t\t\t<\/div>\n\t\t\t\t\t<\/div>\n\t\t<\/div>\n\t\t\t\t\t<\/div>\n\t\t<\/section>\n\t\t\t\t<section class=\"elementor-section elementor-top-section elementor-element elementor-element-479ad3d elementor-section-boxed elementor-section-height-default elementor-section-height-default\" data-id=\"479ad3d\" data-element_type=\"section\" data-e-type=\"section\">\n\t\t\t\t\t\t<div class=\"elementor-container elementor-column-gap-default\">\n\t\t\t\t\t<div class=\"elementor-column elementor-col-100 elementor-top-column elementor-element elementor-element-6971b60\" data-id=\"6971b60\" data-element_type=\"column\" data-e-type=\"column\">\n\t\t\t<div class=\"elementor-widget-wrap elementor-element-populated\">\n\t\t\t\t\t\t<div class=\"elementor-element elementor-element-ea03b90 elementor-widget elementor-widget-text-editor\" data-id=\"ea03b90\" data-element_type=\"widget\" data-e-type=\"widget\" data-widget_type=\"text-editor.default\">\n\t\t\t\t<div class=\"elementor-widget-container\">\n\t\t\t\t\t\t\t\t\t<p>Die Buchung erfolgt je nach Verf\u00fcgbarkeit und Bedingungen \u00fcber das Hotel oder mit einem RABATTCODE, der nach Zahlung der Anzahlung vom Hotel ausgestellt wird. Fragen Sie nach Informationen unter <a rel=\"noopener\" data-start=\"870\" data-end=\"887\">info@villarita.it<\/a> oder rufen Sie an unter +39 0565 908095 \/ +39 334 5922988 (auch per WhatsApp).<\/p><p style=\"text-align: center;\">Buchen Sie die <a href=\"https:\/\/www.villarita.it\/de\/blunavy\/\"><strong data-start=\"985\" data-end=\"1002\">BLUNAVY-F\u00e4hre<\/strong><\/a> direkt hier mit dem RABATTCODE.<\/p>\t\t\t\t\t\t\t\t<\/div>\n\t\t\t\t<\/div>\n\t\t\t\t<div class=\"elementor-element elementor-element-42b9a47 elementor-widget elementor-widget-image\" data-id=\"42b9a47\" data-element_type=\"widget\" data-e-type=\"widget\" data-widget_type=\"image.default\">\n\t\t\t\t<div class=\"elementor-widget-container\">\n\t\t\t\t\t\t\t\t\t\t\t\t\t\t\t\t<a href=\"https:\/\/www.villarita.it\/de\/blunavy\/\">\n\t\t\t\t\t\t\t<img decoding=\"async\" src=\"https:\/\/www.villarita.it\/wp-content\/uploads\/2025\/03\/BLU-banner-300x100-px.gif\" title=\"BLU-banner-300&#215;100 px\" alt=\"BLU-banner-300x100 px\" loading=\"lazy\" \/>\t\t\t\t\t\t\t\t<\/a>\n\t\t\t\t\t\t\t\t\t\t\t\t\t\t\t<\/div>\n\t\t\t\t<\/div>\n\t\t\t\t\t<\/div>\n\t\t<\/div>\n\t\t\t\t\t<\/div>\n\t\t<\/section>\n\t\t\t\t<section class=\"elementor-section elementor-top-section elementor-element elementor-element-1056f48 elementor-section-boxed elementor-section-height-default elementor-section-height-default\" data-id=\"1056f48\" data-element_type=\"section\" data-e-type=\"section\">\n\t\t\t\t\t\t<div class=\"elementor-container elementor-column-gap-default\">\n\t\t\t\t\t<div class=\"elementor-column elementor-col-100 elementor-top-column elementor-element elementor-element-e2b20c3\" data-id=\"e2b20c3\" data-element_type=\"column\" data-e-type=\"column\">\n\t\t\t<div class=\"elementor-widget-wrap elementor-element-populated\">\n\t\t\t\t\t\t<div class=\"elementor-element elementor-element-0fa914a elementor-widget elementor-widget-text-editor\" data-id=\"0fa914a\" data-element_type=\"widget\" data-e-type=\"widget\" data-widget_type=\"text-editor.default\">\n\t\t\t\t<div class=\"elementor-widget-container\">\n\t\t\t\t\t\t\t\t\t<p style=\"text-align: center;\"><a href=\"https:\/\/www.villarita.it\/de\/traghettiper\/\"><strong data-start=\"1038\" data-end=\"1054\">TraghettiPer<\/strong><\/a> zeigt Ihnen verg\u00fcnstigte Tarife f\u00fcr ALLE F\u00e4hrgesellschaften.<\/p>\t\t\t\t\t\t\t\t<\/div>\n\t\t\t\t<\/div>\n\t\t\t\t<div class=\"elementor-element elementor-element-1410dcd elementor-widget elementor-widget-image\" data-id=\"1410dcd\" data-element_type=\"widget\" data-e-type=\"widget\" data-widget_type=\"image.default\">\n\t\t\t\t<div class=\"elementor-widget-container\">\n\t\t\t\t\t\t\t\t\t\t\t\t\t\t\t\t<a href=\"https:\/\/www.villarita.it\/de\/traghettiper\/\" target=\"_blank\">\n\t\t\t\t\t\t\t<img decoding=\"async\" width=\"300\" height=\"78\" src=\"https:\/\/www.villarita.it\/wp-content\/uploads\/2023\/01\/Banner-TraghettiPer-Elba1-300x78.png\" class=\"attachment-medium size-medium wp-image-8394\" alt=\"\" srcset=\"https:\/\/www.villarita.it\/wp-content\/uploads\/2023\/01\/Banner-TraghettiPer-Elba1-300x78.png 300w, https:\/\/www.villarita.it\/wp-content\/uploads\/2023\/01\/Banner-TraghettiPer-Elba1.png 468w\" sizes=\"(max-width: 300px) 100vw, 300px\" \/>\t\t\t\t\t\t\t\t<\/a>\n\t\t\t\t\t\t\t\t\t\t\t\t\t\t\t<\/div>\n\t\t\t\t<\/div>\n\t\t\t\t\t<\/div>\n\t\t<\/div>\n\t\t\t\t\t<\/div>\n\t\t<\/section>\n\t\t\t\t<section class=\"elementor-section elementor-top-section elementor-element elementor-element-53bc3d9 elementor-section-boxed elementor-section-height-default elementor-section-height-default\" data-id=\"53bc3d9\" data-element_type=\"section\" data-e-type=\"section\">\n\t\t\t\t\t\t<div class=\"elementor-container elementor-column-gap-default\">\n\t\t\t\t\t<div class=\"elementor-column elementor-col-100 elementor-top-column elementor-element elementor-element-3acca79\" data-id=\"3acca79\" data-element_type=\"column\" data-e-type=\"column\">\n\t\t\t<div class=\"elementor-widget-wrap elementor-element-populated\">\n\t\t\t\t\t\t<div class=\"elementor-element elementor-element-7a0ace9 elementor-widget elementor-widget-text-editor\" data-id=\"7a0ace9\" data-element_type=\"widget\" data-e-type=\"widget\" data-widget_type=\"text-editor.default\">\n\t\t\t\t<div class=\"elementor-widget-container\">\n\t\t\t\t\t\t\t\t\t<p style=\"text-align: center;\">Buchen Sie mit <a href=\"https:\/\/www.villarita.it\/de\/moby-und-toremar\/\"><strong data-start=\"1134\" data-end=\"1154\">MOBY und TOREMAR<\/strong><\/a> \u00fcber das Online-System von <strong data-start=\"1182\" data-end=\"1200\">TraghettiLines<\/strong> unten \u2013 fordern Sie den RABATTCODE an, um Zugang zu den erm\u00e4\u00dfigten Tarifen zu erhalten.<\/p>\t\t\t\t\t\t\t\t<\/div>\n\t\t\t\t<\/div>\n\t\t\t\t<div class=\"elementor-element elementor-element-83f33a2 elementor-widget elementor-widget-image\" data-id=\"83f33a2\" data-element_type=\"widget\" data-e-type=\"widget\" data-widget_type=\"image.default\">\n\t\t\t\t<div class=\"elementor-widget-container\">\n\t\t\t\t\t\t\t\t\t\t\t\t\t\t\t\t<a href=\"https:\/\/www.villarita.it\/de\/moby-und-toremar\/\" target=\"_blank\">\n\t\t\t\t\t\t\t<img decoding=\"async\" src=\"https:\/\/www.villarita.it\/wp-content\/uploads\/2023\/01\/logo-moby-300x150-1.jpg\" title=\"logo-moby-300&#215;150\" alt=\"logo-moby-300x150\" loading=\"lazy\" \/>\t\t\t\t\t\t\t\t<\/a>\n\t\t\t\t\t\t\t\t\t\t\t\t\t\t\t<\/div>\n\t\t\t\t<\/div>\n\t\t\t\t\t<\/div>\n\t\t<\/div>\n\t\t\t\t\t<\/div>\n\t\t<\/section>\n\t\t\t\t<\/div>\n\t\t","protected":false},"excerpt":{"rendered":"<p>&nbsp; Rabatte bis zu 50 % auf den Ticketpreis Die Insel Elba ist von Piombino Marittima aus erreichbar, wo vier F\u00e4hrgesellschaften (Toremar, Moby Lines, Blu Navy und Corsica Ferries) komfortable F\u00e4hren mit mehreren t\u00e4glichen \u00dcberfahrten anbieten. In nur einer Stunde \u00dcberfahrt werden die etwa 10 Kilometer, die die Insel vom Festland trennen, zur\u00fcckgelegt, um die [&hellip;]<\/p>\n","protected":false},"author":1,"featured_media":0,"parent":0,"menu_order":0,"comment_status":"closed","ping_status":"closed","template":"","meta":{"rs_blank_template":"","rs_page_bg_color":"","slide_template_v7":"","_joinchat":[],"footnotes":""},"class_list":["post-6615","page","type-page","status-publish","hentry"],"_links":{"self":[{"href":"https:\/\/www.villarita.it\/de\/wp-json\/wp\/v2\/pages\/6615","targetHints":{"allow":["GET"]}}],"collection":[{"href":"https:\/\/www.villarita.it\/de\/wp-json\/wp\/v2\/pages"}],"about":[{"href":"https:\/\/www.villarita.it\/de\/wp-json\/wp\/v2\/types\/page"}],"author":[{"embeddable":true,"href":"https:\/\/www.villarita.it\/de\/wp-json\/wp\/v2\/users\/1"}],"replies":[{"embeddable":true,"href":"https:\/\/www.villarita.it\/de\/wp-json\/wp\/v2\/comments?post=6615"}],"version-history":[{"count":5,"href":"https:\/\/www.villarita.it\/de\/wp-json\/wp\/v2\/pages\/6615\/revisions"}],"predecessor-version":[{"id":10045,"href":"https:\/\/www.villarita.it\/de\/wp-json\/wp\/v2\/pages\/6615\/revisions\/10045"}],"wp:attachment":[{"href":"https:\/\/www.villarita.it\/de\/wp-json\/wp\/v2\/media?parent=6615"}],"curies":[{"name":"wp","href":"https:\/\/api.w.org\/{rel}","templated":true}]}}