{"id":8149,"date":"2023-01-24T10:15:18","date_gmt":"2023-01-24T09:15:18","guid":{"rendered":"https:\/\/www.villarita.it\/?page_id=8149"},"modified":"2023-01-24T10:18:32","modified_gmt":"2023-01-24T09:18:32","slug":"moby-und-toremar","status":"publish","type":"page","link":"https:\/\/www.villarita.it\/de\/moby-und-toremar\/","title":{"rendered":"Moby und Toremar"},"content":{"rendered":"\t\t<div data-elementor-type=\"wp-post\" data-elementor-id=\"8149\" class=\"elementor elementor-8149 elementor-8148\">\n\t\t\t\t\t\t<section class=\"elementor-section elementor-top-section elementor-element elementor-element-b0998bb elementor-section-stretched elementor-section-full_width elementor-section-height-default elementor-section-height-default\" data-id=\"b0998bb\" data-element_type=\"section\" data-e-type=\"section\" data-settings=\"{&quot;stretch_section&quot;:&quot;section-stretched&quot;}\">\n\t\t\t\t\t\t<div class=\"elementor-container elementor-column-gap-default\">\n\t\t\t\t\t<div class=\"elementor-column elementor-col-100 elementor-top-column elementor-element elementor-element-39419f2\" data-id=\"39419f2\" data-element_type=\"column\" data-e-type=\"column\">\n\t\t\t<div class=\"elementor-widget-wrap elementor-element-populated\">\n\t\t\t\t\t\t<div class=\"elementor-element elementor-element-ccecedb elementor-widget elementor-widget-html\" data-id=\"ccecedb\" data-element_type=\"widget\" data-e-type=\"widget\" data-widget_type=\"html.default\">\n\t\t\t\t<div class=\"elementor-widget-container\">\n\t\t\t\t\t<script defer src=\"https:\/\/cdn.beddy.io\/bol\/prod\/beddybar.js?release13052020_v0\"><\/script>\n<beddy-bar lang=\"it\" widgetcode=\"ff92fdfddd5db\" charset=\"UTF-8\"><\/beddy-bar>\t\t\t\t<\/div>\n\t\t\t\t<\/div>\n\t\t\t\t\t<\/div>\n\t\t<\/div>\n\t\t\t\t\t<\/div>\n\t\t<\/section>\n\t\t\t\t<section class=\"elementor-section elementor-top-section elementor-element elementor-element-dbf8622 elementor-section-boxed elementor-section-height-default elementor-section-height-default\" data-id=\"dbf8622\" data-element_type=\"section\" data-e-type=\"section\">\n\t\t\t\t\t\t<div class=\"elementor-container elementor-column-gap-default\">\n\t\t\t\t\t<div class=\"elementor-column elementor-col-100 elementor-top-column elementor-element elementor-element-a87c7b4\" data-id=\"a87c7b4\" data-element_type=\"column\" data-e-type=\"column\">\n\t\t\t<div class=\"elementor-widget-wrap elementor-element-populated\">\n\t\t\t\t\t\t<div class=\"elementor-element elementor-element-6e6db37 elementor-widget elementor-widget-text-editor\" data-id=\"6e6db37\" data-element_type=\"widget\" data-e-type=\"widget\" data-widget_type=\"text-editor.default\">\n\t\t\t\t<div class=\"elementor-widget-container\">\n\t\t\t\t\t\t\t\t\t<h3 style=\"text-align: center;\">Buchen Sie bei Moby und Toremar \u00fcber das unten stehende Online-System<\/h3>\n<p style=\"text-align: center;\">Fordern Sie den Rabattcode an, um auf die erm\u00e4\u00dfigten Preise zuzugreifen.<\/p>\t\t\t\t\t\t\t\t<\/div>\n\t\t\t\t<\/div>\n\t\t\t\t<div class=\"elementor-element elementor-element-a8dddd4 elementor-widget elementor-widget-html\" data-id=\"a8dddd4\" data-element_type=\"widget\" data-e-type=\"widget\" data-widget_type=\"html.default\">\n\t\t\t\t<div class=\"elementor-widget-container\">\n\t\t\t\t\t <div style=\"margin-left: auto; margin-right: auto; max-width: 820px\">\n\t<iframe id=\"tlines\" src=\"https:\/\/www.misterferry.de\/de\/faehren-insel-elba.aspx?UAID=89941&bkcolor=FFFFFF&txtcolor=2B2B2B&bkbtncolor=C9A566&txtbtncolor=270605&bktitolo=270605&txttitolo=FFFFFF&language=de&iframe_booking=true&v2=true\" style=\"border:0px; width: 100%;\" class=\"tlines_frame\" scrolling=\"no\"><\/iframe>\n\t<p style=\"font-size:11px; margin: auto; font-family:Verdana;width: 100%;color:#666;margin-bottom: 12px;text-align: center;\">Servizio traghetti a cura di <a href=\"https:\/\/www.traghettilines.it\/it\/traghetti-isola-d-elba.aspx?UAID=89941&bkcolor=FFFFFF&txtcolor=2B2B2B&bkbtncolor=C9A566&txtbtncolor=270605&bktitolo=270605&txttitolo=FFFFFF\" target=\"_blank\" style=\"color:#666;text-decoration:none\">Traghettilines<\/a><\/p>\n\t<script type=\"text\/javascript\" src=\"https:\/\/www.traghettilines.it\/Ajax\/tlines_resp_v2.js\"><\/script>\n<\/div>\t\t\t\t<\/div>\n\t\t\t\t<\/div>\n\t\t\t\t\t<\/div>\n\t\t<\/div>\n\t\t\t\t\t<\/div>\n\t\t<\/section>\n\t\t\t\t<\/div>\n\t\t","protected":false},"excerpt":{"rendered":"<p>Buchen Sie bei Moby und Toremar \u00fcber das unten stehende Online-System Fordern Sie den Rabattcode an, um auf die erm\u00e4\u00dfigten Preise zuzugreifen. Servizio traghetti a cura di Traghettilines<\/p>\n","protected":false},"author":1,"featured_media":0,"parent":0,"menu_order":0,"comment_status":"closed","ping_status":"closed","template":"","meta":{"_joinchat":[],"footnotes":""},"class_list":["post-8149","page","type-page","status-publish","hentry"],"_links":{"self":[{"href":"https:\/\/www.villarita.it\/de\/wp-json\/wp\/v2\/pages\/8149","targetHints":{"allow":["GET"]}}],"collection":[{"href":"https:\/\/www.villarita.it\/de\/wp-json\/wp\/v2\/pages"}],"about":[{"href":"https:\/\/www.villarita.it\/de\/wp-json\/wp\/v2\/types\/page"}],"author":[{"embeddable":true,"href":"https:\/\/www.villarita.it\/de\/wp-json\/wp\/v2\/users\/1"}],"replies":[{"embeddable":true,"href":"https:\/\/www.villarita.it\/de\/wp-json\/wp\/v2\/comments?post=8149"}],"version-history":[{"count":5,"href":"https:\/\/www.villarita.it\/de\/wp-json\/wp\/v2\/pages\/8149\/revisions"}],"predecessor-version":[{"id":8253,"href":"https:\/\/www.villarita.it\/de\/wp-json\/wp\/v2\/pages\/8149\/revisions\/8253"}],"wp:attachment":[{"href":"https:\/\/www.villarita.it\/de\/wp-json\/wp\/v2\/media?parent=8149"}],"curies":[{"name":"wp","href":"https:\/\/api.w.org\/{rel}","templated":true}]}}