{"id":8402,"date":"2023-01-30T14:16:06","date_gmt":"2023-01-30T13:16:06","guid":{"rendered":"https:\/\/www.villarita.it\/?page_id=8402"},"modified":"2023-01-30T14:51:32","modified_gmt":"2023-01-30T13:51:32","slug":"traghettiper","status":"publish","type":"page","link":"https:\/\/www.villarita.it\/de\/traghettiper\/","title":{"rendered":"Traghettiper"},"content":{"rendered":"\t\t<div data-elementor-type=\"wp-post\" data-elementor-id=\"8402\" class=\"elementor elementor-8402 elementor-8401\">\n\t\t\t\t\t\t<section class=\"elementor-section elementor-top-section elementor-element elementor-element-b0998bb elementor-section-stretched elementor-section-full_width elementor-section-height-default elementor-section-height-default\" data-id=\"b0998bb\" data-element_type=\"section\" data-e-type=\"section\" data-settings=\"{&quot;stretch_section&quot;:&quot;section-stretched&quot;}\">\n\t\t\t\t\t\t<div class=\"elementor-container elementor-column-gap-default\">\n\t\t\t\t\t<div class=\"elementor-column elementor-col-100 elementor-top-column elementor-element elementor-element-39419f2\" data-id=\"39419f2\" data-element_type=\"column\" data-e-type=\"column\">\n\t\t\t<div class=\"elementor-widget-wrap elementor-element-populated\">\n\t\t\t\t\t\t<div class=\"elementor-element elementor-element-ccecedb elementor-widget elementor-widget-html\" data-id=\"ccecedb\" data-element_type=\"widget\" data-e-type=\"widget\" data-widget_type=\"html.default\">\n\t\t\t\t<div class=\"elementor-widget-container\">\n\t\t\t\t\t<script defer src=\"https:\/\/cdn.beddy.io\/bol\/prod\/beddybar.js?release13052020_v0\"><\/script>\n<beddy-bar lang=\"it\" widgetcode=\"ff92fdfddd5db\" charset=\"UTF-8\"><\/beddy-bar>\t\t\t\t<\/div>\n\t\t\t\t<\/div>\n\t\t\t\t\t<\/div>\n\t\t<\/div>\n\t\t\t\t\t<\/div>\n\t\t<\/section>\n\t\t\t\t<section class=\"elementor-section elementor-top-section elementor-element elementor-element-dbf8622 elementor-section-boxed elementor-section-height-default elementor-section-height-default\" data-id=\"dbf8622\" data-element_type=\"section\" data-e-type=\"section\">\n\t\t\t\t\t\t<div class=\"elementor-container elementor-column-gap-default\">\n\t\t\t\t\t<div class=\"elementor-column elementor-col-100 elementor-top-column elementor-element elementor-element-a87c7b4\" data-id=\"a87c7b4\" data-element_type=\"column\" data-e-type=\"column\">\n\t\t\t<div class=\"elementor-widget-wrap elementor-element-populated\">\n\t\t\t\t\t\t<div class=\"elementor-element elementor-element-6e6db37 elementor-widget elementor-widget-text-editor\" data-id=\"6e6db37\" data-element_type=\"widget\" data-e-type=\"widget\" data-widget_type=\"text-editor.default\">\n\t\t\t\t<div class=\"elementor-widget-container\">\n\t\t\t\t\t\t\t\t\t<h3 style=\"text-align: center;\">Buchen Sie bei Moby und Toremar \u00fcber das unten stehende Online-System<\/h3>\n<p style=\"text-align: center;\">Fordern Sie den Rabattcode an, um auf die erm\u00e4\u00dfigten Preise zuzugreifen.<\/p>\t\t\t\t\t\t\t\t<\/div>\n\t\t\t\t<\/div>\n\t\t\t\t<div class=\"elementor-element elementor-element-a8dddd4 elementor-widget elementor-widget-html\" data-id=\"a8dddd4\" data-element_type=\"widget\" data-e-type=\"widget\" data-widget_type=\"html.default\">\n\t\t\t\t<div class=\"elementor-widget-container\">\n\t\t\t\t\t<iframe id=\"traghettiper\" style=\"padding-bottom: 30px;\" src=\"https:\/\/responsive.traghettiper.it\/?marea=E&portal=627&affiliate=TP1505&locale=de\" width=\"100%\" height=\"1000\" frameborder=\"0\" align=\"center\"><\/iframe><br \/>\n<script src=\"https:\/\/responsive.traghettiper.it\/js\/resizer.js\"><\/script>\t\t\t\t<\/div>\n\t\t\t\t<\/div>\n\t\t\t\t\t<\/div>\n\t\t<\/div>\n\t\t\t\t\t<\/div>\n\t\t<\/section>\n\t\t\t\t<\/div>\n\t\t","protected":false},"excerpt":{"rendered":"<p>Buchen Sie bei Moby und Toremar \u00fcber das unten stehende Online-System Fordern Sie den Rabattcode an, um auf die erm\u00e4\u00dfigten Preise zuzugreifen.<\/p>\n","protected":false},"author":1,"featured_media":0,"parent":0,"menu_order":0,"comment_status":"closed","ping_status":"closed","template":"","meta":{"_joinchat":[],"footnotes":""},"class_list":["post-8402","page","type-page","status-publish","hentry"],"_links":{"self":[{"href":"https:\/\/www.villarita.it\/de\/wp-json\/wp\/v2\/pages\/8402","targetHints":{"allow":["GET"]}}],"collection":[{"href":"https:\/\/www.villarita.it\/de\/wp-json\/wp\/v2\/pages"}],"about":[{"href":"https:\/\/www.villarita.it\/de\/wp-json\/wp\/v2\/types\/page"}],"author":[{"embeddable":true,"href":"https:\/\/www.villarita.it\/de\/wp-json\/wp\/v2\/users\/1"}],"replies":[{"embeddable":true,"href":"https:\/\/www.villarita.it\/de\/wp-json\/wp\/v2\/comments?post=8402"}],"version-history":[{"count":4,"href":"https:\/\/www.villarita.it\/de\/wp-json\/wp\/v2\/pages\/8402\/revisions"}],"predecessor-version":[{"id":8419,"href":"https:\/\/www.villarita.it\/de\/wp-json\/wp\/v2\/pages\/8402\/revisions\/8419"}],"wp:attachment":[{"href":"https:\/\/www.villarita.it\/de\/wp-json\/wp\/v2\/media?parent=8402"}],"curies":[{"name":"wp","href":"https:\/\/api.w.org\/{rel}","templated":true}]}}